{"id":2441,"date":"2021-02-10T11:39:21","date_gmt":"2021-02-10T11:39:21","guid":{"rendered":"https:\/\/work1.workwisely.de\/?post_type=product&#038;p=2441"},"modified":"2021-02-10T12:20:05","modified_gmt":"2021-02-10T12:20:05","slug":"ls21","status":"publish","type":"product","link":"https:\/\/owi-lohr.de\/en\/product\/ls21\/","title":{"rendered":"LS21"},"content":{"rendered":"<p>[et_pb_section fb_built=&#8221;1&#8243; specialty=&#8221;on&#8221; _builder_version=&#8221;4.8.1&#8243; _module_preset=&#8221;default&#8221; use_background_color_gradient=&#8221;on&#8221; background_color_gradient_start=&#8221;#ffffff&#8221; background_color_gradient_end=&#8221;#e5e5e5&#8243; background_color_gradient_type=&#8221;radial&#8221; module_alignment=&#8221;center&#8221; custom_margin=&#8221;50px||||false|false&#8221;][et_pb_column type=&#8221;1_2&#8243; _builder_version=&#8221;3.25&#8243; custom_padding=&#8221;|||&#8221; custom_padding__hover=&#8221;|||&#8221;][et_pb_wc_title _builder_version=&#8221;4.8.1&#8243; header_font=&#8221;|||on|||||&#8221; header_text_align=&#8221;left&#8221; header_text_color=&#8221;#000000&#8243; background_color=&#8221;#FFFFFF&#8221; custom_padding=&#8221;10px||10px|20px|false|false&#8221; custom_css_main_element=&#8221;font-family: &#8216;Frutiger LT Roman&#8217;;&#8221;][\/et_pb_wc_title][et_pb_text _builder_version=&#8221;4.8.2&#8243; _module_preset=&#8221;default&#8221; text_text_color=&#8221;#000000&#8243; text_font_size=&#8221;17px&#8221; custom_margin=&#8221;|||20px|false|false&#8221; hover_enabled=&#8221;0&#8243; custom_css_main_element=&#8221;font-family: &#8216;Frutiger LT Bold&#8217;;&#8221; sticky_enabled=&#8221;0&#8243;]genarbt mit Rautenmuster[\/et_pb_text][et_pb_image src=&#8221;https:\/\/owi-lohr.de\/wp-content\/uploads\/2021\/02\/owi-la21-lehne_schwarz_600.png&#8221; title_text=&#8221;owi-la21-lehne_schwarz_600&#8243; show_in_lightbox=&#8221;on&#8221; show_bottom_space=&#8221;off&#8221; _builder_version=&#8221;4.8.2&#8243; _module_preset=&#8221;default&#8221;][\/et_pb_image][et_pb_code _builder_version=&#8221;4.8.2&#8243; _module_preset=&#8221;default&#8221; custom_margin=&#8221;0px||50px||false|false&#8221; custom_padding=&#8221;0px||||false|false&#8221;][download_now_page][\/et_pb_code][et_pb_text ul_type=&#8221;square&#8221; ul_item_indent=&#8221;17px&#8221; _builder_version=&#8221;4.8.2&#8243; _module_preset=&#8221;default&#8221; text_text_color=&#8221;#000000&#8243; text_font_size=&#8221;17px&#8221; ul_text_align=&#8221;left&#8221; ul_text_color=&#8221;#000000&#8243; ul_font_size=&#8221;17px&#8221; hover_enabled=&#8221;0&#8243; custom_css_main_element=&#8221;font-family: &#8216;Frutiger LT Light&#8217;;&#8221; sticky_enabled=&#8221;0&#8243;]<\/p>\n<p><strong>Produktbeschreibung:<\/strong><\/p>\n<ul>\n<li>Lehne aus Polypropylen<\/li>\n<li>Unsere Lehne in modernem Design, luftig und leicht, trotzdem stabil<\/li>\n<li>geeignet f\u00fcr Dreh- und Besucherst\u00fchle mit und ohne H\u00f6henverstellung<\/li>\n<li>analog zu dieser Lehne ist eine Sperrholzvariante erh\u00e4ltlich<\/li>\n<li>optional: Polsterauflagen aus Sperrholz 445 &gt;&gt;mit Clipsen zur Montage erh\u00e4ltlich<\/li>\n<\/ul>\n<p>[\/et_pb_text][\/et_pb_column][et_pb_column type=&#8221;1_2&#8243; specialty_columns=&#8221;2&#8243; _builder_version=&#8221;3.25&#8243; custom_padding=&#8221;|||&#8221; custom_padding__hover=&#8221;|||&#8221;][et_pb_row_inner _builder_version=&#8221;4.8.1&#8243; _module_preset=&#8221;default&#8221;][et_pb_column_inner saved_specialty_column_type=&#8221;1_2&#8243; _builder_version=&#8221;4.8.1&#8243; _module_preset=&#8221;default&#8221;][et_pb_text _builder_version=&#8221;4.8.1&#8243; _module_preset=&#8221;default&#8221; text_text_color=&#8221;#000000&#8243; text_font_size=&#8221;17px&#8221; custom_css_main_element=&#8221;font-family: &#8216;Frutiger LT Bold&#8217;;&#8221;]OWI Standardfarben[\/et_pb_text][\/et_pb_column_inner][\/et_pb_row_inner][et_pb_row_inner column_structure=&#8221;1_3,1_3,1_3&#8243; _builder_version=&#8221;4.8.1&#8243; _module_preset=&#8221;default&#8221;][et_pb_column_inner type=&#8221;1_3&#8243; saved_specialty_column_type=&#8221;1_2&#8243; _builder_version=&#8221;4.8.1&#8243; _module_preset=&#8221;default&#8221;][et_pb_image src=&#8221;https:\/\/owi-lohr.de\/wp-content\/uploads\/2021\/02\/owi-la21-lehne_schwarz_600.png&#8221; title_text=&#8221;owi-la21-lehne_schwarz_600&#8243; show_in_lightbox=&#8221;on&#8221; _builder_version=&#8221;4.8.2&#8243; _module_preset=&#8221;default&#8221; hover_enabled=&#8221;0&#8243; sticky_enabled=&#8221;0&#8243;][\/et_pb_image][et_pb_text admin_label=&#8221;Wei\u00df&#8221; _builder_version=&#8221;4.8.2&#8243; _module_preset=&#8221;default&#8221; text_text_color=&#8221;#000000&#8243; text_orientation=&#8221;center&#8221; custom_css_main_element=&#8221;font-family: &#8216;Frutiger LT Light&#8217;;&#8221;]<\/p>\n<p>Schwarz<\/p>\n<p>[\/et_pb_text][\/et_pb_column_inner][et_pb_column_inner type=&#8221;1_3&#8243; saved_specialty_column_type=&#8221;1_2&#8243; _builder_version=&#8221;4.8.1&#8243; _module_preset=&#8221;default&#8221;][et_pb_image src=&#8221;https:\/\/owi-lohr.de\/wp-content\/uploads\/2021\/02\/owi-la21-lehne-r_schwarz_600.png&#8221; title_text=&#8221;owi-la21-lehne-r_schwarz_600&#8243; show_in_lightbox=&#8221;on&#8221; _builder_version=&#8221;4.8.2&#8243; _module_preset=&#8221;default&#8221; hover_enabled=&#8221;0&#8243; sticky_enabled=&#8221;0&#8243;][\/et_pb_image][et_pb_text admin_label=&#8221;Wei\u00df&#8221; _builder_version=&#8221;4.8.2&#8243; _module_preset=&#8221;default&#8221; text_text_color=&#8221;#000000&#8243; text_orientation=&#8221;center&#8221; hover_enabled=&#8221;0&#8243; custom_css_main_element=&#8221;font-family: &#8216;Frutiger LT Light&#8217;;&#8221; sticky_enabled=&#8221;0&#8243;]<\/p>\n<p>R\u00fcckseite<\/p>\n<p>[\/et_pb_text][\/et_pb_column_inner][et_pb_column_inner type=&#8221;1_3&#8243; saved_specialty_column_type=&#8221;1_2&#8243; _builder_version=&#8221;4.8.1&#8243; _module_preset=&#8221;default&#8221;][\/et_pb_column_inner][\/et_pb_row_inner][et_pb_row_inner column_structure=&#8221;1_2,1_2&#8243; _builder_version=&#8221;4.8.2&#8243; _module_preset=&#8221;default&#8221;][et_pb_column_inner type=&#8221;1_2&#8243; saved_specialty_column_type=&#8221;1_2&#8243; _builder_version=&#8221;4.8.1&#8243; _module_preset=&#8221;default&#8221;][et_pb_text ul_type=&#8221;square&#8221; ul_item_indent=&#8221;17px&#8221; _builder_version=&#8221;4.8.2&#8243; _module_preset=&#8221;default&#8221; text_text_color=&#8221;#000000&#8243; text_font_size=&#8221;17px&#8221; ul_text_align=&#8221;left&#8221; ul_text_color=&#8221;#000000&#8243; ul_font_size=&#8221;17px&#8221; custom_css_main_element=&#8221;font-family: &#8216;Frutiger LT Light&#8217;;&#8221;]<\/p>\n<p>(Sonderfarben lieferbar.<br \/> Special Colours available)<\/p>\n<p>[\/et_pb_text][et_pb_text ul_type=&#8221;square&#8221; ul_item_indent=&#8221;17px&#8221; _builder_version=&#8221;4.8.2&#8243; _module_preset=&#8221;default&#8221; text_text_color=&#8221;#000000&#8243; text_font_size=&#8221;17px&#8221; ul_text_align=&#8221;left&#8221; ul_text_color=&#8221;#000000&#8243; ul_font_size=&#8221;17px&#8221; hover_enabled=&#8221;0&#8243; custom_css_main_element=&#8221;font-family: &#8216;Frutiger LT Light&#8217;;&#8221; sticky_enabled=&#8221;0&#8243;]<\/p>\n<p><strong>Ma\u00dfe \/ Dimensions:<\/strong><br \/> Breite \/ Width: 420 mm<br \/> Tiefe\/Depth: 500mm<\/p>\n<p><strong>steckbar auf:<\/strong><br \/> \u00d8 22 mm Rohr<\/p>\n<p><strong>Gewicht\/ Weight:<\/strong><br \/> 0,925 kg<\/p>\n<p><strong>Material:<\/strong><br \/> PP<\/p>\n<p>[\/et_pb_text][et_pb_image src=&#8221;https:\/\/owi-lohr.de\/wp-content\/uploads\/2021\/02\/pp_05.png&#8221; title_text=&#8221;pp_05&#8243; _builder_version=&#8221;4.8.1&#8243; _module_preset=&#8221;default&#8221;][\/et_pb_image][\/et_pb_column_inner][et_pb_column_inner type=&#8221;1_2&#8243; saved_specialty_column_type=&#8221;1_2&#8243; _builder_version=&#8221;4.8.1&#8243; _module_preset=&#8221;default&#8221;][\/et_pb_column_inner][\/et_pb_row_inner][\/et_pb_column][\/et_pb_section][et_pb_section fb_built=&#8221;1&#8243; _builder_version=&#8221;4.8.2&#8243; _module_preset=&#8221;default&#8221;][et_pb_row _builder_version=&#8221;4.8.2&#8243; _module_preset=&#8221;default&#8221;][et_pb_column _builder_version=&#8221;4.8.2&#8243; _module_preset=&#8221;default&#8221; type=&#8221;4_4&#8243;][et_pb_wc_description _builder_version=&#8221;4.8.2&#8243; _module_preset=&#8221;default&#8221; product=&#8221;2418&#8243; description_type=&#8221;description&#8221; hover_enabled=&#8221;0&#8243; sticky_enabled=&#8221;0&#8243; admin_label=&#8221;hello test&#8221;][\/et_pb_wc_description][\/et_pb_column][\/et_pb_row][\/et_pb_section]<\/p>\n","protected":false},"excerpt":{"rendered":"<p>genarbt mit Rautenmuster[download_now_page]Produktbeschreibung: Lehne aus Polypropylen Unsere Lehne in modernem Design, luftig und leicht, trotzdem stabil geeignet f\u00fcr Dreh- und Besucherst\u00fchle mit und ohne H\u00f6henverstellung analog zu dieser Lehne ist eine Sperrholzvariante erh\u00e4ltlich optional: Polsterauflagen aus Sperrholz 445 &gt;&gt;mit Clipsen zur Montage erh\u00e4ltlich OWI StandardfarbenSchwarzR\u00fcckseite(Sonderfarben lieferbar. Special Colours available)Ma\u00dfe \/ Dimensions: Breite \/ Width: 420 [&hellip;]<\/p>\n","protected":false},"featured_media":2444,"template":"","meta":{"_et_pb_use_builder":"on","_et_pb_old_content":"","_et_gb_content_width":""},"product_brand":[],"product_cat":[40,18,44],"product_tag":[],"class_list":{"0":"post-2441","1":"product","2":"type-product","3":"status-publish","4":"has-post-thumbnail","6":"product_cat-eigene-produkte","7":"product_cat-formteile-kunststoff","8":"product_cat-ruckenlehnen","10":"first","11":"instock","12":"downloadable","13":"virtual","14":"product-type-simple"},"_links":{"self":[{"href":"https:\/\/owi-lohr.de\/en\/wp-json\/wp\/v2\/product\/2441","targetHints":{"allow":["GET"]}}],"collection":[{"href":"https:\/\/owi-lohr.de\/en\/wp-json\/wp\/v2\/product"}],"about":[{"href":"https:\/\/owi-lohr.de\/en\/wp-json\/wp\/v2\/types\/product"}],"wp:featuredmedia":[{"embeddable":true,"href":"https:\/\/owi-lohr.de\/en\/wp-json\/wp\/v2\/media\/2444"}],"wp:attachment":[{"href":"https:\/\/owi-lohr.de\/en\/wp-json\/wp\/v2\/media?parent=2441"}],"wp:term":[{"taxonomy":"product_brand","embeddable":true,"href":"https:\/\/owi-lohr.de\/en\/wp-json\/wp\/v2\/product_brand?post=2441"},{"taxonomy":"product_cat","embeddable":true,"href":"https:\/\/owi-lohr.de\/en\/wp-json\/wp\/v2\/product_cat?post=2441"},{"taxonomy":"product_tag","embeddable":true,"href":"https:\/\/owi-lohr.de\/en\/wp-json\/wp\/v2\/product_tag?post=2441"}],"curies":[{"name":"wp","href":"https:\/\/api.w.org\/{rel}","templated":true}]}}