{"id":2394,"date":"2021-02-10T09:29:52","date_gmt":"2021-02-10T09:29:52","guid":{"rendered":"https:\/\/work1.workwisely.de\/?post_type=product&#038;p=2394"},"modified":"2022-12-08T16:08:45","modified_gmt":"2022-12-08T14:08:45","slug":"bermuda","status":"publish","type":"product","link":"https:\/\/owi-lohr.de\/en\/product\/bermuda\/","title":{"rendered":"Bermuda"},"content":{"rendered":"<p>[et_pb_section fb_built=&#8221;1&#8243; specialty=&#8221;on&#8221; _builder_version=&#8221;4.8.1&#8243; _module_preset=&#8221;default&#8221; use_background_color_gradient=&#8221;on&#8221; background_color_gradient_start=&#8221;#ffffff&#8221; background_color_gradient_end=&#8221;#e5e5e5&#8243; background_color_gradient_type=&#8221;radial&#8221; module_alignment=&#8221;center&#8221; custom_margin=&#8221;50px||||false|false&#8221; global_colors_info=&#8221;{}&#8221;][et_pb_column type=&#8221;1_2&#8243; _builder_version=&#8221;3.25&#8243; custom_padding=&#8221;|||&#8221; global_colors_info=&#8221;{}&#8221; custom_padding__hover=&#8221;|||&#8221;][et_pb_wc_title _builder_version=&#8221;4.8.1&#8243; header_font=&#8221;|||on|||||&#8221; header_text_align=&#8221;left&#8221; header_text_color=&#8221;#000000&#8243; background_color=&#8221;#FFFFFF&#8221; custom_padding=&#8221;10px||10px|20px|false|false&#8221; custom_css_main_element=&#8221;font-family: &#8216;Frutiger LT Roman&#8217;;&#8221; global_colors_info=&#8221;{}&#8221;][\/et_pb_wc_title][et_pb_image src=&#8221;https:\/\/owi-lohr.de\/wp-content\/uploads\/2021\/02\/owi-bermuda_weiss_600.png&#8221; title_text=&#8221;owi-bermuda_weiss_600&#8243; show_in_lightbox=&#8221;on&#8221; show_bottom_space=&#8221;off&#8221; force_fullwidth=&#8221;on&#8221; _builder_version=&#8221;4.8.2&#8243; _module_preset=&#8221;default&#8221; global_colors_info=&#8221;{}&#8221;][\/et_pb_image][et_pb_code _builder_version=&#8221;4.8.2&#8243; _module_preset=&#8221;default&#8221; custom_margin=&#8221;0px||50px||false|false&#8221; custom_padding=&#8221;0px||||false|false&#8221; global_colors_info=&#8221;{}&#8221;][download_now_page][\/et_pb_code][et_pb_text ul_type=&#8221;square&#8221; ul_item_indent=&#8221;17px&#8221; _builder_version=&#8221;4.8.2&#8243; _module_preset=&#8221;default&#8221; text_text_color=&#8221;#000000&#8243; text_font_size=&#8221;17px&#8221; ul_text_align=&#8221;left&#8221; ul_text_color=&#8221;#000000&#8243; ul_font_size=&#8221;17px&#8221; custom_css_main_element=&#8221;font-family: &#8216;Frutiger LT Light&#8217;;&#8221; global_colors_info=&#8221;{}&#8221;]<strong>Produktbeschreibung:<\/strong><\/p>\n<ul>\n<li>Sitzschale aus HD-Polyethylen<\/li>\n<li>Ergonomisch geformtes Design, welches auch langes Sitzen bequem erm\u00f6glicht <\/li>\n<li>Durch konstruktive Abst\u00fctzung bis in den R\u00fccken-bereich, extra sichere Gestellbefestigung<\/li>\n<li>Glatte, pflegeleichte Oberfl\u00e4che mit Aus-sparungen f\u00fcr Ventilation und Wasserablauf<\/li>\n<li>UV-Stabilisierung f\u00fcr Au\u00dfeneinsatz<\/li>\n<\/ul>\n<p>[\/et_pb_text][et_pb_image src=&#8221;https:\/\/owi-lohr.de\/wp-content\/uploads\/2021\/02\/bermuda-bsp1.jpg&#8221; title_text=&#8221;bermuda-bsp1&#8243; _builder_version=&#8221;4.8.2&#8243; _module_preset=&#8221;default&#8221; custom_margin=&#8221;40px||||false|false&#8221; global_colors_info=&#8221;{}&#8221;][\/et_pb_image][\/et_pb_column][et_pb_column type=&#8221;1_2&#8243; specialty_columns=&#8221;2&#8243; _builder_version=&#8221;3.25&#8243; custom_padding=&#8221;|||&#8221; global_colors_info=&#8221;{}&#8221; custom_padding__hover=&#8221;|||&#8221;][et_pb_row_inner _builder_version=&#8221;4.8.1&#8243; _module_preset=&#8221;default&#8221; global_colors_info=&#8221;{}&#8221;][et_pb_column_inner saved_specialty_column_type=&#8221;1_2&#8243; _builder_version=&#8221;4.8.1&#8243; _module_preset=&#8221;default&#8221; global_colors_info=&#8221;{}&#8221;][et_pb_text _builder_version=&#8221;4.8.1&#8243; _module_preset=&#8221;default&#8221; text_text_color=&#8221;#000000&#8243; text_font_size=&#8221;17px&#8221; custom_css_main_element=&#8221;font-family: &#8216;Frutiger LT Bold&#8217;;&#8221; global_colors_info=&#8221;{}&#8221;]OWI Standardfarben[\/et_pb_text][\/et_pb_column_inner][\/et_pb_row_inner][et_pb_row_inner column_structure=&#8221;1_3,1_3,1_3&#8243; _builder_version=&#8221;4.8.1&#8243; _module_preset=&#8221;default&#8221; global_colors_info=&#8221;{}&#8221;][et_pb_column_inner type=&#8221;1_3&#8243; saved_specialty_column_type=&#8221;1_2&#8243; _builder_version=&#8221;4.8.1&#8243; _module_preset=&#8221;default&#8221; global_colors_info=&#8221;{}&#8221;][et_pb_image src=&#8221;https:\/\/owi-lohr.de\/wp-content\/uploads\/2021\/02\/owi-bermuda_himmelblau_600.png&#8221; title_text=&#8221;owi-bermuda_himmelblau_600&#8243; show_in_lightbox=&#8221;on&#8221; _builder_version=&#8221;4.8.2&#8243; _module_preset=&#8221;default&#8221; global_colors_info=&#8221;{}&#8221;][\/et_pb_image][et_pb_text admin_label=&#8221;Wei\u00df&#8221; _builder_version=&#8221;4.8.2&#8243; _module_preset=&#8221;default&#8221; text_text_color=&#8221;#000000&#8243; text_orientation=&#8221;center&#8221; custom_css_main_element=&#8221;font-family: &#8216;Frutiger LT Light&#8217;;&#8221; global_colors_info=&#8221;{}&#8221;]<\/p>\n<p>Himmelblau<\/p>\n<p>[\/et_pb_text][et_pb_image src=&#8221;https:\/\/owi-lohr.de\/wp-content\/uploads\/2021\/02\/owi-bermuda_reinorange_600.png&#8221; title_text=&#8221;owi-bermuda_reinorange_600&#8243; show_in_lightbox=&#8221;on&#8221; _builder_version=&#8221;4.8.2&#8243; _module_preset=&#8221;default&#8221; global_colors_info=&#8221;{}&#8221;][\/et_pb_image][et_pb_text admin_label=&#8221;Wei\u00df&#8221; _builder_version=&#8221;4.8.2&#8243; _module_preset=&#8221;default&#8221; text_text_color=&#8221;#000000&#8243; text_orientation=&#8221;center&#8221; custom_css_main_element=&#8221;font-family: &#8216;Frutiger LT Light&#8217;;&#8221; global_colors_info=&#8221;{}&#8221;]<\/p>\n<p>Reinorange<\/p>\n<p>[\/et_pb_text][\/et_pb_column_inner][et_pb_column_inner type=&#8221;1_3&#8243; saved_specialty_column_type=&#8221;1_2&#8243; _builder_version=&#8221;4.8.1&#8243; _module_preset=&#8221;default&#8221; global_colors_info=&#8221;{}&#8221;][et_pb_image src=&#8221;https:\/\/owi-lohr.de\/wp-content\/uploads\/2021\/02\/owi-bermuda_schilfgruen_600.png&#8221; title_text=&#8221;owi-bermuda_schilfgruen_600&#8243; show_in_lightbox=&#8221;on&#8221; _builder_version=&#8221;4.8.2&#8243; _module_preset=&#8221;default&#8221; global_colors_info=&#8221;{}&#8221;][\/et_pb_image][et_pb_text admin_label=&#8221;Natur&#8221; _builder_version=&#8221;4.8.2&#8243; _module_preset=&#8221;default&#8221; text_text_color=&#8221;#000000&#8243; text_orientation=&#8221;center&#8221; custom_css_main_element=&#8221;font-family: &#8216;Frutiger LT Light&#8217;;&#8221; global_colors_info=&#8221;{}&#8221;]<\/p>\n<p>Schilfgr\u00fcn<\/p>\n<p>[\/et_pb_text][et_pb_image src=&#8221;https:\/\/owi-lohr.de\/wp-content\/uploads\/2021\/02\/owi-bermuda_rot_600.png&#8221; title_text=&#8221;owi-bermuda_rot_600&#8243; show_in_lightbox=&#8221;on&#8221; _builder_version=&#8221;4.8.2&#8243; _module_preset=&#8221;default&#8221; global_colors_info=&#8221;{}&#8221;][\/et_pb_image][et_pb_text admin_label=&#8221;Wei\u00df&#8221; _builder_version=&#8221;4.8.2&#8243; _module_preset=&#8221;default&#8221; text_text_color=&#8221;#000000&#8243; text_orientation=&#8221;center&#8221; custom_css_main_element=&#8221;font-family: &#8216;Frutiger LT Light&#8217;;&#8221; global_colors_info=&#8221;{}&#8221;]<\/p>\n<p>Rot<\/p>\n<p>[\/et_pb_text][\/et_pb_column_inner][et_pb_column_inner type=&#8221;1_3&#8243; saved_specialty_column_type=&#8221;1_2&#8243; _builder_version=&#8221;4.8.1&#8243; _module_preset=&#8221;default&#8221; global_colors_info=&#8221;{}&#8221;][et_pb_image src=&#8221;https:\/\/owi-lohr.de\/wp-content\/uploads\/2021\/02\/owi-bermuda_zitronengelb_600.png&#8221; title_text=&#8221;owi-bermuda_zitronengelb_600&#8243; show_in_lightbox=&#8221;on&#8221; _builder_version=&#8221;4.8.2&#8243; _module_preset=&#8221;default&#8221; global_colors_info=&#8221;{}&#8221;][\/et_pb_image][et_pb_text admin_label=&#8221;Natur&#8221; _builder_version=&#8221;4.8.2&#8243; _module_preset=&#8221;default&#8221; text_text_color=&#8221;#000000&#8243; text_orientation=&#8221;center&#8221; custom_css_main_element=&#8221;font-family: &#8216;Frutiger LT Light&#8217;;&#8221; global_colors_info=&#8221;{}&#8221;]<\/p>\n<p>Zitronengelb<\/p>\n<p>[\/et_pb_text][et_pb_image src=&#8221;https:\/\/owi-lohr.de\/wp-content\/uploads\/2021\/02\/owi-bermuda_weiss_600.png&#8221; title_text=&#8221;owi-bermuda_weiss_600&#8243; show_in_lightbox=&#8221;on&#8221; _builder_version=&#8221;4.8.2&#8243; _module_preset=&#8221;default&#8221; global_colors_info=&#8221;{}&#8221;][\/et_pb_image][et_pb_text admin_label=&#8221;Wei\u00df&#8221; _builder_version=&#8221;4.8.2&#8243; _module_preset=&#8221;default&#8221; text_text_color=&#8221;#000000&#8243; text_orientation=&#8221;center&#8221; custom_css_main_element=&#8221;font-family: &#8216;Frutiger LT Light&#8217;;&#8221; global_colors_info=&#8221;{}&#8221;]<\/p>\n<p>Weiss<\/p>\n<p>[\/et_pb_text][\/et_pb_column_inner][\/et_pb_row_inner][et_pb_row_inner column_structure=&#8221;1_2,1_2&#8243; _builder_version=&#8221;4.8.2&#8243; _module_preset=&#8221;default&#8221; global_colors_info=&#8221;{}&#8221;][et_pb_column_inner type=&#8221;1_2&#8243; saved_specialty_column_type=&#8221;1_2&#8243; _builder_version=&#8221;4.8.1&#8243; _module_preset=&#8221;default&#8221; global_colors_info=&#8221;{}&#8221;][et_pb_text ul_type=&#8221;square&#8221; ul_item_indent=&#8221;17px&#8221; _builder_version=&#8221;4.8.2&#8243; _module_preset=&#8221;default&#8221; text_text_color=&#8221;#000000&#8243; text_font_size=&#8221;17px&#8221; ul_text_align=&#8221;left&#8221; ul_text_color=&#8221;#000000&#8243; ul_font_size=&#8221;17px&#8221; custom_css_main_element=&#8221;font-family: &#8216;Frutiger LT Light&#8217;;&#8221; global_colors_info=&#8221;{}&#8221;](Sonderfarben lieferbar.<br \/>\nSpecial Colours available)<\/p>\n<p><strong>Ma\u00dfe \/ Dimensions:<\/strong><br \/>\nBreite \/ Width: 450 mm<br \/>\nTiefe \/ Depth: 445 mm<br \/>\nH\u00f6he \/ Height: 430 mm[\/et_pb_text][et_pb_image src=&#8221;https:\/\/owi-lohr.de\/wp-content\/uploads\/2021\/02\/owi-bermuda-schraubmass.png&#8221; title_text=&#8221;owi-bermuda-schraubmass&#8221; _builder_version=&#8221;4.8.2&#8243; _module_preset=&#8221;default&#8221; global_colors_info=&#8221;{}&#8221;][\/et_pb_image][et_pb_image src=&#8221;https:\/\/owi-lohr.de\/wp-content\/uploads\/2021\/02\/bermuda-bsp2.jpg&#8221; title_text=&#8221;bermuda-bsp2&#8243; _builder_version=&#8221;4.8.2&#8243; _module_preset=&#8221;default&#8221; global_colors_info=&#8221;{}&#8221;][\/et_pb_image][\/et_pb_column_inner][et_pb_column_inner type=&#8221;1_2&#8243; saved_specialty_column_type=&#8221;1_2&#8243; _builder_version=&#8221;4.8.1&#8243; _module_preset=&#8221;default&#8221; global_colors_info=&#8221;{}&#8221;][et_pb_text ul_type=&#8221;square&#8221; ul_item_indent=&#8221;17px&#8221; _builder_version=&#8221;4.8.2&#8243; _module_preset=&#8221;default&#8221; text_text_color=&#8221;#000000&#8243; text_font_size=&#8221;17px&#8221; ul_text_align=&#8221;left&#8221; ul_text_color=&#8221;#000000&#8243; ul_font_size=&#8221;17px&#8221; custom_css_main_element=&#8221;font-family: &#8216;Frutiger LT Light&#8217;;&#8221; global_colors_info=&#8221;{}&#8221;]<strong>Aufh\u00e4ngung f\u00fcr Rohr \/ Pipe Mounting:<\/strong><br \/>\n\u00d8 20 mm<\/p>\n<p><strong>Gewicht\/Weight:<\/strong><br \/>\n1,380 kg<\/p>\n<p><strong>Material:<\/strong><br \/>\nPE-HD[\/et_pb_text][et_pb_image src=&#8221;https:\/\/owi-lohr.de\/wp-content\/uploads\/2021\/02\/pe-hd_02.png&#8221; title_text=&#8221;pe-hd_02&#8243; _builder_version=&#8221;4.8.2&#8243; _module_preset=&#8221;default&#8221; global_colors_info=&#8221;{}&#8221;][\/et_pb_image][\/et_pb_column_inner][\/et_pb_row_inner][\/et_pb_column][\/et_pb_section]<\/p>\n","protected":false},"excerpt":{"rendered":"<p>[download_now_page]Produktbeschreibung: Sitzschale aus HD-Polyethylen Ergonomisch geformtes Design, welches auch langes Sitzen bequem erm\u00f6glicht Durch konstruktive Abst\u00fctzung bis in den R\u00fccken-bereich, extra sichere Gestellbefestigung Glatte, pflegeleichte Oberfl\u00e4che mit Aus-sparungen f\u00fcr Ventilation und Wasserablauf UV-Stabilisierung f\u00fcr Au\u00dfeneinsatz OWI StandardfarbenHimmelblauReinorangeSchilfgr\u00fcnRotZitronengelbWeiss(Sonderfarben lieferbar. Special Colours available) Ma\u00dfe \/ Dimensions: Breite \/ Width: 450 mm Tiefe \/ Depth: 445 mm H\u00f6he [&hellip;]<\/p>\n","protected":false},"featured_media":2398,"template":"","meta":{"_et_pb_use_builder":"on","_et_pb_old_content":"","_et_gb_content_width":""},"product_brand":[],"product_cat":[40,18,42],"product_tag":[],"class_list":{"0":"post-2394","1":"product","2":"type-product","3":"status-publish","4":"has-post-thumbnail","6":"product_cat-eigene-produkte","7":"product_cat-formteile-kunststoff","8":"product_cat-sitzschalen","10":"first","11":"instock","12":"downloadable","13":"virtual","14":"product-type-simple"},"_links":{"self":[{"href":"https:\/\/owi-lohr.de\/en\/wp-json\/wp\/v2\/product\/2394","targetHints":{"allow":["GET"]}}],"collection":[{"href":"https:\/\/owi-lohr.de\/en\/wp-json\/wp\/v2\/product"}],"about":[{"href":"https:\/\/owi-lohr.de\/en\/wp-json\/wp\/v2\/types\/product"}],"wp:featuredmedia":[{"embeddable":true,"href":"https:\/\/owi-lohr.de\/en\/wp-json\/wp\/v2\/media\/2398"}],"wp:attachment":[{"href":"https:\/\/owi-lohr.de\/en\/wp-json\/wp\/v2\/media?parent=2394"}],"wp:term":[{"taxonomy":"product_brand","embeddable":true,"href":"https:\/\/owi-lohr.de\/en\/wp-json\/wp\/v2\/product_brand?post=2394"},{"taxonomy":"product_cat","embeddable":true,"href":"https:\/\/owi-lohr.de\/en\/wp-json\/wp\/v2\/product_cat?post=2394"},{"taxonomy":"product_tag","embeddable":true,"href":"https:\/\/owi-lohr.de\/en\/wp-json\/wp\/v2\/product_tag?post=2394"}],"curies":[{"name":"wp","href":"https:\/\/api.w.org\/{rel}","templated":true}]}}