{"id":2377,"date":"2021-02-10T07:03:58","date_gmt":"2021-02-10T07:03:58","guid":{"rendered":"https:\/\/work1.workwisely.de\/?post_type=product&#038;p=2377"},"modified":"2024-08-07T13:11:12","modified_gmt":"2024-08-07T11:11:12","slug":"olympia","status":"publish","type":"product","link":"https:\/\/owi-lohr.de\/en\/product\/olympia\/","title":{"rendered":"Olympia"},"content":{"rendered":"<p>[et_pb_section fb_built=&#8221;1&#8243; specialty=&#8221;on&#8221; _builder_version=&#8221;4.16&#8243; _module_preset=&#8221;default&#8221; use_background_color_gradient=&#8221;on&#8221; background_color_gradient_type=&#8221;circular&#8221; background_color_gradient_stops=&#8221;#ffffff 0%|#e5e5e5 100%&#8221; background_color_gradient_start=&#8221;#ffffff&#8221; background_color_gradient_end=&#8221;#e5e5e5&#8243; module_alignment=&#8221;center&#8221; custom_margin=&#8221;50px||||false|false&#8221; global_colors_info=&#8221;{}&#8221;][et_pb_column type=&#8221;1_2&#8243; _builder_version=&#8221;4.16&#8243; custom_padding=&#8221;|||&#8221; global_colors_info=&#8221;{}&#8221; custom_padding__hover=&#8221;|||&#8221;][et_pb_wc_title _builder_version=&#8221;4.16&#8243; header_font=&#8221;|||on|||||&#8221; header_text_align=&#8221;left&#8221; header_text_color=&#8221;#000000&#8243; background_color=&#8221;#FFFFFF&#8221; custom_padding=&#8221;10px||10px|20px|false|false&#8221; custom_css_main_element=&#8221;font-family: &#8216;Frutiger LT Roman&#8217;;&#8221; global_colors_info=&#8221;{}&#8221;][\/et_pb_wc_title][et_pb_image src=&#8221;https:\/\/owi-lohr.de\/wp-content\/uploads\/2024\/08\/Olympia_lichtgrau-1.png&#8221; title_text=&#8221;Olympia_lichtgrau&#8221; show_in_lightbox=&#8221;on&#8221; show_bottom_space=&#8221;off&#8221; _builder_version=&#8221;4.24.0&#8243; _module_preset=&#8221;default&#8221; hover_enabled=&#8221;0&#8243; global_colors_info=&#8221;{}&#8221; sticky_enabled=&#8221;0&#8243;][\/et_pb_image][et_pb_code _builder_version=&#8221;4.16&#8243; _module_preset=&#8221;default&#8221; custom_margin=&#8221;0px||50px||false|false&#8221; custom_padding=&#8221;0px||||false|false&#8221; global_colors_info=&#8221;{}&#8221;][download_now_page][\/et_pb_code][et_pb_text ul_type=&#8221;square&#8221; ul_item_indent=&#8221;17px&#8221; _builder_version=&#8221;4.16&#8243; _module_preset=&#8221;default&#8221; text_text_color=&#8221;#000000&#8243; text_font_size=&#8221;17px&#8221; ul_text_align=&#8221;left&#8221; ul_text_color=&#8221;#000000&#8243; ul_font_size=&#8221;17px&#8221; custom_css_main_element=&#8221;font-family: &#8216;Frutiger LT Light&#8217;;&#8221; global_colors_info=&#8221;{}&#8221;]<\/p>\n<p><strong>Produktbeschreibung:<\/strong><\/p>\n<ul>\n<li>Sitzschale aus Polypropylen<\/li>\n<li>Ergonomisch gestaltetes Design mit genarbter Oberfl\u00e4che, die eine gute Kratz- und Rutsch-festigkeit bietet.<\/li>\n<li>optional: Sitzauflage aus Sperrholz <strong>610<\/strong><\/li>\n<\/ul>\n<p>[\/et_pb_text][et_pb_image src=&#8221;https:\/\/owi-lohr.de\/wp-content\/uploads\/2021\/02\/610-Olympia.png&#8221; title_text=&#8221;610-Olympia&#8221; _builder_version=&#8221;4.16&#8243; _module_preset=&#8221;default&#8221; width=&#8221;50%&#8221; custom_margin=&#8221;0px||||false|false&#8221; custom_padding=&#8221;0px||||false|false&#8221; global_colors_info=&#8221;{}&#8221;][\/et_pb_image][et_pb_text ul_type=&#8221;square&#8221; ul_item_indent=&#8221;17px&#8221; _builder_version=&#8221;4.16&#8243; _module_preset=&#8221;default&#8221; text_text_color=&#8221;#000000&#8243; text_font_size=&#8221;17px&#8221; ul_text_align=&#8221;left&#8221; ul_text_color=&#8221;#000000&#8243; ul_font_size=&#8221;17px&#8221; custom_css_main_element=&#8221;font-family: &#8216;Frutiger LT Light&#8217;;&#8221; global_colors_info=&#8221;{}&#8221;]<\/p>\n<ul>\n<li>optional: R\u00fcckauflage aus Sperrholz <strong>710<\/strong><\/li>\n<\/ul>\n<p>[\/et_pb_text][et_pb_image src=&#8221;https:\/\/owi-lohr.de\/wp-content\/uploads\/2021\/02\/710-Olympia.png&#8221; title_text=&#8221;710-Olympia&#8221; _builder_version=&#8221;4.16&#8243; _module_preset=&#8221;default&#8221; width=&#8221;50%&#8221; custom_margin=&#8221;0px||||false|false&#8221; custom_padding=&#8221;0px||||false|false&#8221; global_colors_info=&#8221;{}&#8221;][\/et_pb_image][\/et_pb_column][et_pb_column type=&#8221;1_2&#8243; specialty_columns=&#8221;2&#8243; _builder_version=&#8221;4.16&#8243; custom_padding=&#8221;|||&#8221; global_colors_info=&#8221;{}&#8221; custom_padding__hover=&#8221;|||&#8221;][et_pb_row_inner _builder_version=&#8221;4.16&#8243; _module_preset=&#8221;default&#8221; global_colors_info=&#8221;{}&#8221;][et_pb_column_inner saved_specialty_column_type=&#8221;1_2&#8243; _builder_version=&#8221;4.16&#8243; _module_preset=&#8221;default&#8221; global_colors_info=&#8221;{}&#8221;][et_pb_text _builder_version=&#8221;4.16&#8243; _module_preset=&#8221;default&#8221; text_text_color=&#8221;#000000&#8243; text_font_size=&#8221;17px&#8221; custom_css_main_element=&#8221;font-family: &#8216;Frutiger LT Bold&#8217;;&#8221; global_colors_info=&#8221;{}&#8221;]OWI Standardfarben[\/et_pb_text][\/et_pb_column_inner][\/et_pb_row_inner][et_pb_row_inner column_structure=&#8221;1_3,1_3,1_3&#8243; _builder_version=&#8221;4.16&#8243; _module_preset=&#8221;default&#8221; global_colors_info=&#8221;{}&#8221;][et_pb_column_inner type=&#8221;1_3&#8243; saved_specialty_column_type=&#8221;1_2&#8243; _builder_version=&#8221;4.16&#8243; _module_preset=&#8221;default&#8221; global_colors_info=&#8221;{}&#8221;][et_pb_image src=&#8221;https:\/\/owi-lohr.de\/wp-content\/uploads\/2024\/08\/Farbkreis_lichtgrau.png&#8221; title_text=&#8221;Farbkreis_lichtgrau&#8221; show_in_lightbox=&#8221;on&#8221; _builder_version=&#8221;4.24.0&#8243; _module_preset=&#8221;default&#8221; global_colors_info=&#8221;{}&#8221;][\/et_pb_image][et_pb_text admin_label=&#8221;Wei\u00df&#8221; _builder_version=&#8221;4.24.0&#8243; _module_preset=&#8221;default&#8221; text_text_color=&#8221;#000000&#8243; text_orientation=&#8221;center&#8221; custom_css_main_element=&#8221;font-family: &#8216;Frutiger LT Light&#8217;;&#8221; global_colors_info=&#8221;{}&#8221;]<\/p>\n<p>Lichtgrau<\/p>\n<p>[\/et_pb_text][\/et_pb_column_inner][et_pb_column_inner type=&#8221;1_3&#8243; saved_specialty_column_type=&#8221;1_2&#8243; _builder_version=&#8221;4.16&#8243; _module_preset=&#8221;default&#8221; global_colors_info=&#8221;{}&#8221;][\/et_pb_column_inner][et_pb_column_inner type=&#8221;1_3&#8243; saved_specialty_column_type=&#8221;1_2&#8243; _builder_version=&#8221;4.16&#8243; _module_preset=&#8221;default&#8221; global_colors_info=&#8221;{}&#8221;][\/et_pb_column_inner][\/et_pb_row_inner][et_pb_row_inner column_structure=&#8221;1_2,1_2&#8243; _builder_version=&#8221;4.16&#8243; _module_preset=&#8221;default&#8221; global_colors_info=&#8221;{}&#8221;][et_pb_column_inner type=&#8221;1_2&#8243; saved_specialty_column_type=&#8221;1_2&#8243; _builder_version=&#8221;4.16&#8243; _module_preset=&#8221;default&#8221; global_colors_info=&#8221;{}&#8221;][et_pb_text ul_type=&#8221;square&#8221; ul_item_indent=&#8221;17px&#8221; _builder_version=&#8221;4.24.0&#8243; _module_preset=&#8221;default&#8221; text_text_color=&#8221;#000000&#8243; text_font_size=&#8221;17px&#8221; ul_text_align=&#8221;left&#8221; ul_text_color=&#8221;#000000&#8243; ul_font_size=&#8221;17px&#8221; custom_css_main_element=&#8221;font-family: &#8216;Frutiger LT Light&#8217;;&#8221; global_colors_info=&#8221;{}&#8221;]<\/p>\n<p>(Sonderfarben lieferbar.<br \/>Special Colours available)<\/p>\n<p><strong>Ma\u00dfe \/ Dimensions:<\/strong><br \/>Breite \/ Width: 455 mm<br \/>Tiefe \/ Depth: 455 mm<br \/>H\u00f6he \/ Height: 425 mm<\/p>\n<p>[\/et_pb_text][et_pb_image src=&#8221;https:\/\/owi-lohr.de\/wp-content\/uploads\/2024\/08\/Olympia-Unterseite_lichtgrau_Masse.png&#8221; title_text=&#8221;Olympia Unterseite_lichtgrau_Ma\u00dfe&#8221; _builder_version=&#8221;4.24.0&#8243; _module_preset=&#8221;default&#8221; global_colors_info=&#8221;{}&#8221;][\/et_pb_image][\/et_pb_column_inner][et_pb_column_inner type=&#8221;1_2&#8243; saved_specialty_column_type=&#8221;1_2&#8243; _builder_version=&#8221;4.16&#8243; _module_preset=&#8221;default&#8221; global_colors_info=&#8221;{}&#8221;][et_pb_text ul_type=&#8221;square&#8221; ul_item_indent=&#8221;17px&#8221; _builder_version=&#8221;4.24.0&#8243; _module_preset=&#8221;default&#8221; text_text_color=&#8221;#000000&#8243; text_font_size=&#8221;17px&#8221; ul_text_align=&#8221;left&#8221; ul_text_color=&#8221;#000000&#8243; ul_font_size=&#8221;17px&#8221; custom_css_main_element=&#8221;font-family: &#8216;Frutiger LT Light&#8217;;&#8221; global_colors_info=&#8221;{}&#8221;]<\/p>\n<p><strong>Schraubma\u00df \/<\/strong><br \/><strong> screw spacings:<\/strong><br \/>vorn \/ front: 326 mm<br \/>hinten \/ back: 248 mm<br \/>Abstand \/ distance 234,5 mm<\/p>\n<p><strong>Gewicht\/Weight:<\/strong><br \/>1,040 kg<\/p>\n<p><strong>Material:<\/strong><br \/>PP<\/p>\n<p>[\/et_pb_text][et_pb_image src=&#8221;https:\/\/owi-lohr.de\/wp-content\/uploads\/2021\/02\/pp_05.png&#8221; title_text=&#8221;pp_05&#8243; _builder_version=&#8221;4.24.0&#8243; _module_preset=&#8221;default&#8221; global_colors_info=&#8221;{}&#8221;][\/et_pb_image][\/et_pb_column_inner][\/et_pb_row_inner][\/et_pb_column][\/et_pb_section]<\/p>\n","protected":false},"excerpt":{"rendered":"<p>[download_now_page]Produktbeschreibung: Sitzschale aus Polypropylen Ergonomisch gestaltetes Design mit genarbter Oberfl\u00e4che, die eine gute Kratz- und Rutsch-festigkeit bietet. optional: Sitzauflage aus Sperrholz 610 optional: R\u00fcckauflage aus Sperrholz 710 OWI StandardfarbenLichtgrau(Sonderfarben lieferbar.Special Colours available) Ma\u00dfe \/ Dimensions:Breite \/ Width: 455 mmTiefe \/ Depth: 455 mmH\u00f6he \/ Height: 425 mmSchraubma\u00df \/ screw spacings:vorn \/ front: 326 mmhinten \/ [&hellip;]<\/p>\n","protected":false},"featured_media":8367,"template":"","meta":{"_et_pb_use_builder":"on","_et_pb_old_content":"","_et_gb_content_width":""},"product_brand":[],"product_cat":[40,18,42],"product_tag":[],"class_list":{"0":"post-2377","1":"product","2":"type-product","3":"status-publish","4":"has-post-thumbnail","6":"product_cat-eigene-produkte","7":"product_cat-formteile-kunststoff","8":"product_cat-sitzschalen","10":"first","11":"instock","12":"downloadable","13":"virtual","14":"product-type-simple"},"_links":{"self":[{"href":"https:\/\/owi-lohr.de\/en\/wp-json\/wp\/v2\/product\/2377","targetHints":{"allow":["GET"]}}],"collection":[{"href":"https:\/\/owi-lohr.de\/en\/wp-json\/wp\/v2\/product"}],"about":[{"href":"https:\/\/owi-lohr.de\/en\/wp-json\/wp\/v2\/types\/product"}],"wp:featuredmedia":[{"embeddable":true,"href":"https:\/\/owi-lohr.de\/en\/wp-json\/wp\/v2\/media\/8367"}],"wp:attachment":[{"href":"https:\/\/owi-lohr.de\/en\/wp-json\/wp\/v2\/media?parent=2377"}],"wp:term":[{"taxonomy":"product_brand","embeddable":true,"href":"https:\/\/owi-lohr.de\/en\/wp-json\/wp\/v2\/product_brand?post=2377"},{"taxonomy":"product_cat","embeddable":true,"href":"https:\/\/owi-lohr.de\/en\/wp-json\/wp\/v2\/product_cat?post=2377"},{"taxonomy":"product_tag","embeddable":true,"href":"https:\/\/owi-lohr.de\/en\/wp-json\/wp\/v2\/product_tag?post=2377"}],"curies":[{"name":"wp","href":"https:\/\/api.w.org\/{rel}","templated":true}]}}